{"id":2050,"date":"2025-06-01T16:00:40","date_gmt":"2025-06-01T14:00:40","guid":{"rendered":"https:\/\/lillufestival.org\/?page_id=2050"},"modified":"2025-06-01T16:31:44","modified_gmt":"2025-06-01T14:31:44","slug":"samedi-2","status":"publish","type":"page","link":"https:\/\/lillufestival.org\/index.php\/samedi-2\/","title":{"rendered":"Samedi"},"content":{"rendered":"\t\t<div data-elementor-type=\"wp-page\" data-elementor-id=\"2050\" class=\"elementor elementor-2050\" data-elementor-post-type=\"page\">\n\t\t\t\t<div class=\"elementor-element elementor-element-53c974d e-flex e-con-boxed wpr-particle-no wpr-jarallax-no wpr-parallax-no wpr-sticky-section-no e-con e-parent\" data-id=\"53c974d\" data-element_type=\"container\" data-settings=\"{&quot;background_background&quot;:&quot;classic&quot;}\">\n\t\t\t\t\t<div class=\"e-con-inner\">\n\t\t\t\t<div class=\"elementor-element elementor-element-889eea0 elementor-widget__width-inherit elementor-widget elementor-widget-heading\" data-id=\"889eea0\" data-element_type=\"widget\" data-widget_type=\"heading.default\">\n\t\t\t\t<div class=\"elementor-widget-container\">\n\t\t\t<style>\/*! elementor - v3.23.0 - 25-07-2024 *\/\n.elementor-heading-title{padding:0;margin:0;line-height:1}.elementor-widget-heading .elementor-heading-title[class*=elementor-size-]>a{color:inherit;font-size:inherit;line-height:inherit}.elementor-widget-heading .elementor-heading-title.elementor-size-small{font-size:15px}.elementor-widget-heading .elementor-heading-title.elementor-size-medium{font-size:19px}.elementor-widget-heading .elementor-heading-title.elementor-size-large{font-size:29px}.elementor-widget-heading .elementor-heading-title.elementor-size-xl{font-size:39px}.elementor-widget-heading .elementor-heading-title.elementor-size-xxl{font-size:59px}<\/style><h2 class=\"elementor-heading-title elementor-size-default\">SUR SC\u00c8NE<\/h2>\t\t<\/div>\n\t\t\t\t<\/div>\n\t\t\t\t\t<\/div>\n\t\t\t\t<\/div>\n\t\t<div class=\"elementor-element elementor-element-554cd89 e-con-full e-flex wpr-particle-no wpr-jarallax-no wpr-parallax-no wpr-sticky-section-no e-con e-parent\" data-id=\"554cd89\" data-element_type=\"container\">\n\t\t<div class=\"elementor-element elementor-element-a6c9981 e-con-full e-flex wpr-particle-no wpr-jarallax-no wpr-parallax-no wpr-sticky-section-no e-con e-child\" data-id=\"a6c9981\" data-element_type=\"container\">\n\t\t\t\t<div class=\"elementor-element elementor-element-442d76d elementor-position-top elementor-widget elementor-widget-image-box\" data-id=\"442d76d\" data-element_type=\"widget\" data-widget_type=\"image-box.default\">\n\t\t\t\t<div class=\"elementor-widget-container\">\n\t\t\t<style>\/*! elementor - v3.23.0 - 25-07-2024 *\/\n.elementor-widget-image-box .elementor-image-box-content{width:100%}@media (min-width:768px){.elementor-widget-image-box.elementor-position-left .elementor-image-box-wrapper,.elementor-widget-image-box.elementor-position-right .elementor-image-box-wrapper{display:flex}.elementor-widget-image-box.elementor-position-right .elementor-image-box-wrapper{text-align:end;flex-direction:row-reverse}.elementor-widget-image-box.elementor-position-left .elementor-image-box-wrapper{text-align:start;flex-direction:row}.elementor-widget-image-box.elementor-position-top .elementor-image-box-img{margin:auto}.elementor-widget-image-box.elementor-vertical-align-top .elementor-image-box-wrapper{align-items:flex-start}.elementor-widget-image-box.elementor-vertical-align-middle .elementor-image-box-wrapper{align-items:center}.elementor-widget-image-box.elementor-vertical-align-bottom .elementor-image-box-wrapper{align-items:flex-end}}@media (max-width:767px){.elementor-widget-image-box .elementor-image-box-img{margin-left:auto!important;margin-right:auto!important;margin-bottom:15px}}.elementor-widget-image-box .elementor-image-box-img{display:inline-block}.elementor-widget-image-box .elementor-image-box-title a{color:inherit}.elementor-widget-image-box .elementor-image-box-wrapper{text-align:center}.elementor-widget-image-box .elementor-image-box-description{margin:0}<\/style><div class=\"elementor-image-box-wrapper\"><figure class=\"elementor-image-box-img\"><img fetchpriority=\"high\" decoding=\"async\" width=\"2048\" height=\"2560\" src=\"https:\/\/lillufestival.org\/wp-content\/uploads\/2025\/06\/prog-reseaux-06-scaled.webp\" class=\"attachment-full size-full wp-image-2002\" alt=\"\" srcset=\"https:\/\/lillufestival.org\/wp-content\/uploads\/2025\/06\/prog-reseaux-06-scaled.webp 2048w, https:\/\/lillufestival.org\/wp-content\/uploads\/2025\/06\/prog-reseaux-06-240x300.webp 240w, https:\/\/lillufestival.org\/wp-content\/uploads\/2025\/06\/prog-reseaux-06-819x1024.webp 819w, https:\/\/lillufestival.org\/wp-content\/uploads\/2025\/06\/prog-reseaux-06-768x960.webp 768w, https:\/\/lillufestival.org\/wp-content\/uploads\/2025\/06\/prog-reseaux-06-1229x1536.webp 1229w, https:\/\/lillufestival.org\/wp-content\/uploads\/2025\/06\/prog-reseaux-06-1638x2048.webp 1638w\" sizes=\"(max-width: 2048px) 100vw, 2048px\" \/><\/figure><div class=\"elementor-image-box-content\"><h3 class=\"elementor-image-box-title\">CONF\u00c9RENCE :  RAKUGO, K\u00c9ZACO ?<\/h3><p class=\"elementor-image-box-description\">Venez d\u00e9couvrir les coulisses d'un art nippon qui vous entrainera dans un tourbillon d'\u00e9motions et de surprises.<\/p><\/div><\/div>\t\t<\/div>\n\t\t\t\t<\/div>\n\t\t\t\t<\/div>\n\t\t<div class=\"elementor-element elementor-element-df94e8c e-con-full e-flex wpr-particle-no wpr-jarallax-no wpr-parallax-no wpr-sticky-section-no e-con e-child\" data-id=\"df94e8c\" data-element_type=\"container\">\n\t\t\t\t<div class=\"elementor-element elementor-element-4bb3936 elementor-position-top elementor-widget elementor-widget-image-box\" data-id=\"4bb3936\" data-element_type=\"widget\" data-widget_type=\"image-box.default\">\n\t\t\t\t<div class=\"elementor-widget-container\">\n\t\t\t<div class=\"elementor-image-box-wrapper\"><figure class=\"elementor-image-box-img\"><img decoding=\"async\" width=\"2048\" height=\"2560\" src=\"https:\/\/lillufestival.org\/wp-content\/uploads\/2025\/06\/prog-reseaux-07-scaled.webp\" class=\"attachment-full size-full wp-image-2003\" alt=\"\" srcset=\"https:\/\/lillufestival.org\/wp-content\/uploads\/2025\/06\/prog-reseaux-07-scaled.webp 2048w, https:\/\/lillufestival.org\/wp-content\/uploads\/2025\/06\/prog-reseaux-07-240x300.webp 240w, https:\/\/lillufestival.org\/wp-content\/uploads\/2025\/06\/prog-reseaux-07-819x1024.webp 819w, https:\/\/lillufestival.org\/wp-content\/uploads\/2025\/06\/prog-reseaux-07-768x960.webp 768w\" sizes=\"(max-width: 2048px) 100vw, 2048px\" \/><\/figure><div class=\"elementor-image-box-content\"><h3 class=\"elementor-image-box-title\">TABLE RONDE :  DANS LES COULISSES DU MANGA FRAN\u00c7AIS<\/h3><p class=\"elementor-image-box-description\">ZD : Auteur du manga Space Punch<br>\nSourya : auteur du manga Talli, Fille de la lune<br>\nM\u00e9d\u00e9 : auteur du manga Cages<br>\nMapausemanga : librairie partenaire du Festival Lillu<\/p><\/div><\/div>\t\t<\/div>\n\t\t\t\t<\/div>\n\t\t\t\t<\/div>\n\t\t<div class=\"elementor-element elementor-element-9c4447c e-con-full e-flex wpr-particle-no wpr-jarallax-no wpr-parallax-no wpr-sticky-section-no e-con e-child\" data-id=\"9c4447c\" data-element_type=\"container\">\n\t\t\t\t<div class=\"elementor-element elementor-element-a900c3a elementor-position-top elementor-widget elementor-widget-image-box\" data-id=\"a900c3a\" data-element_type=\"widget\" data-widget_type=\"image-box.default\">\n\t\t\t\t<div class=\"elementor-widget-container\">\n\t\t\t<div class=\"elementor-image-box-wrapper\"><figure class=\"elementor-image-box-img\"><img decoding=\"async\" width=\"2049\" height=\"2560\" src=\"https:\/\/lillufestival.org\/wp-content\/uploads\/2025\/06\/prog-reseaux-08-scaled.webp\" class=\"attachment-full size-full wp-image-2004\" alt=\"\" srcset=\"https:\/\/lillufestival.org\/wp-content\/uploads\/2025\/06\/prog-reseaux-08-scaled.webp 2049w, https:\/\/lillufestival.org\/wp-content\/uploads\/2025\/06\/prog-reseaux-08-240x300.webp 240w, https:\/\/lillufestival.org\/wp-content\/uploads\/2025\/06\/prog-reseaux-08-819x1024.webp 819w, https:\/\/lillufestival.org\/wp-content\/uploads\/2025\/06\/prog-reseaux-08-768x960.webp 768w, https:\/\/lillufestival.org\/wp-content\/uploads\/2025\/06\/prog-reseaux-08-1229x1536.webp 1229w, https:\/\/lillufestival.org\/wp-content\/uploads\/2025\/06\/prog-reseaux-08-1639x2048.webp 1639w\" sizes=\"(max-width: 2049px) 100vw, 2049px\" \/><\/figure><div class=\"elementor-image-box-content\"><h3 class=\"elementor-image-box-title\">CONCERT DESSIN\u00c9<\/h3><p class=\"elementor-image-box-description\">3 artistes r\u00e9alisent ensemble un tableau onirique emport\u00e9 par la musique d'une pianiste et d'une flutiste... un moment charg\u00e9 d'\u00e9motions et de talents.<\/p><\/div><\/div>\t\t<\/div>\n\t\t\t\t<\/div>\n\t\t\t\t<\/div>\n\t\t\t\t<\/div>\n\t\t<div class=\"elementor-element elementor-element-6112c22 e-flex e-con-boxed wpr-particle-no wpr-jarallax-no wpr-parallax-no wpr-sticky-section-no e-con e-parent\" data-id=\"6112c22\" data-element_type=\"container\" data-settings=\"{&quot;background_background&quot;:&quot;classic&quot;}\">\n\t\t\t\t\t<div class=\"e-con-inner\">\n\t\t<div class=\"elementor-element elementor-element-21fbe03 e-con-full e-flex wpr-particle-no wpr-jarallax-no wpr-parallax-no wpr-sticky-section-no e-con e-child\" data-id=\"21fbe03\" data-element_type=\"container\" data-settings=\"{&quot;background_background&quot;:&quot;classic&quot;}\">\n\t\t\t\t<div class=\"elementor-element elementor-element-c974924 elementor-widget__width-inherit elementor-widget elementor-widget-heading\" data-id=\"c974924\" data-element_type=\"widget\" data-widget_type=\"heading.default\">\n\t\t\t\t<div class=\"elementor-widget-container\">\n\t\t\t<h2 class=\"elementor-heading-title elementor-size-default\">les ateliers<\/h2>\t\t<\/div>\n\t\t\t\t<\/div>\n\t\t\t\t<\/div>\n\t\t\t\t\t<\/div>\n\t\t\t\t<\/div>\n\t\t<div class=\"elementor-element elementor-element-4c9d148 e-flex e-con-boxed wpr-particle-no wpr-jarallax-no wpr-parallax-no wpr-sticky-section-no e-con e-parent\" data-id=\"4c9d148\" data-element_type=\"container\">\n\t\t\t\t\t<div class=\"e-con-inner\">\n\t\t<div class=\"elementor-element elementor-element-7c2ed2f e-con-full e-flex wpr-particle-no wpr-jarallax-no wpr-parallax-no wpr-sticky-section-no e-con e-child\" data-id=\"7c2ed2f\" data-element_type=\"container\">\n\t\t\t\t<div class=\"elementor-element elementor-element-e5bfa19 elementor-widget elementor-widget-image\" data-id=\"e5bfa19\" data-element_type=\"widget\" data-widget_type=\"image.default\">\n\t\t\t\t<div class=\"elementor-widget-container\">\n\t\t\t<style>\/*! elementor - v3.23.0 - 25-07-2024 *\/\n.elementor-widget-image{text-align:center}.elementor-widget-image a{display:inline-block}.elementor-widget-image a img[src$=\".svg\"]{width:48px}.elementor-widget-image img{vertical-align:middle;display:inline-block}<\/style>\t\t\t\t\t\t\t\t\t\t<img loading=\"lazy\" decoding=\"async\" width=\"800\" height=\"1000\" src=\"https:\/\/lillufestival.org\/wp-content\/uploads\/2025\/06\/prog-reseaux-09-819x1024.webp\" class=\"attachment-large size-large wp-image-2005\" alt=\"\" srcset=\"https:\/\/lillufestival.org\/wp-content\/uploads\/2025\/06\/prog-reseaux-09-819x1024.webp 819w, https:\/\/lillufestival.org\/wp-content\/uploads\/2025\/06\/prog-reseaux-09-240x300.webp 240w, https:\/\/lillufestival.org\/wp-content\/uploads\/2025\/06\/prog-reseaux-09-768x960.webp 768w, https:\/\/lillufestival.org\/wp-content\/uploads\/2025\/06\/prog-reseaux-09-1229x1536.webp 1229w, https:\/\/lillufestival.org\/wp-content\/uploads\/2025\/06\/prog-reseaux-09-1638x2048.webp 1638w, https:\/\/lillufestival.org\/wp-content\/uploads\/2025\/06\/prog-reseaux-09-scaled.webp 2048w\" sizes=\"(max-width: 800px) 100vw, 800px\" \/>\t\t\t\t\t\t\t\t\t\t\t\t\t<\/div>\n\t\t\t\t<\/div>\n\t\t\t\t<\/div>\n\t\t<div class=\"elementor-element elementor-element-53a99ea e-con-full e-flex wpr-particle-no wpr-jarallax-no wpr-parallax-no wpr-sticky-section-no e-con e-child\" data-id=\"53a99ea\" data-element_type=\"container\">\n\t\t\t\t<div class=\"elementor-element elementor-element-e46e5e9 elementor-view-stacked elementor-shape-circle elementor-position-top elementor-mobile-position-top elementor-widget elementor-widget-icon-box\" data-id=\"e46e5e9\" data-element_type=\"widget\" data-widget_type=\"icon-box.default\">\n\t\t\t\t<div class=\"elementor-widget-container\">\n\t\t\t<link rel=\"stylesheet\" href=\"https:\/\/lillufestival.org\/wp-content\/plugins\/elementor\/assets\/css\/widget-icon-box.min.css\">\t\t<div class=\"elementor-icon-box-wrapper\">\n\n\t\t\t\t\t\t<div class=\"elementor-icon-box-icon\">\n\t\t\t\t<a href=\"https:\/\/docs.google.com\/forms\/d\/e\/1FAIpQLSdfvotCihuIN_w9zlG6S2vTIk_rxuQm_uDAM8BkSxSD8sHy_Q\/viewform\" class=\"elementor-icon elementor-animation-\" tabindex=\"-1\">\n\t\t\t\t<svg aria-hidden=\"true\" class=\"e-font-icon-svg e-fas-pencil-alt\" viewBox=\"0 0 512 512\" xmlns=\"http:\/\/www.w3.org\/2000\/svg\"><path d=\"M497.9 142.1l-46.1 46.1c-4.7 4.7-12.3 4.7-17 0l-111-111c-4.7-4.7-4.7-12.3 0-17l46.1-46.1c18.7-18.7 49.1-18.7 67.9 0l60.1 60.1c18.8 18.7 18.8 49.1 0 67.9zM284.2 99.8L21.6 362.4.4 483.9c-2.9 16.4 11.4 30.6 27.8 27.8l121.5-21.3 262.6-262.6c4.7-4.7 4.7-12.3 0-17l-111-111c-4.8-4.7-12.4-4.7-17.1 0zM124.1 339.9c-5.5-5.5-5.5-14.3 0-19.8l154-154c5.5-5.5 14.3-5.5 19.8 0s5.5 14.3 0 19.8l-154 154c-5.5 5.5-14.3 5.5-19.8 0zM88 424h48v36.3l-64.5 11.3-31.1-31.1L51.7 376H88v48z\"><\/path><\/svg>\t\t\t\t<\/a>\n\t\t\t<\/div>\n\t\t\t\n\t\t\t\t\t\t<div class=\"elementor-icon-box-content\">\n\n\t\t\t\t\t\t\t\t\t<h3 class=\"elementor-icon-box-title\">\n\t\t\t\t\t\t<a href=\"https:\/\/docs.google.com\/forms\/d\/e\/1FAIpQLSdfvotCihuIN_w9zlG6S2vTIk_rxuQm_uDAM8BkSxSD8sHy_Q\/viewform\" >\n\t\t\t\t\t\t\tS'inscrire aux ateliers ici\t\t\t\t\t\t<\/a>\n\t\t\t\t\t<\/h3>\n\t\t\t\t\n\t\t\t\t\n\t\t\t<\/div>\n\t\t\t\n\t\t<\/div>\n\t\t\t\t<\/div>\n\t\t\t\t<\/div>\n\t\t\t\t<\/div>\n\t\t\t\t\t<\/div>\n\t\t\t\t<\/div>\n\t\t<div class=\"elementor-element elementor-element-2b58b1e e-flex e-con-boxed wpr-particle-no wpr-jarallax-no wpr-parallax-no wpr-sticky-section-no e-con e-parent\" data-id=\"2b58b1e\" data-element_type=\"container\">\n\t\t\t\t\t<div class=\"e-con-inner\">\n\t\t<div class=\"elementor-element elementor-element-2005a3f e-con-full e-flex wpr-particle-no wpr-jarallax-no wpr-parallax-no wpr-sticky-section-no e-con e-child\" data-id=\"2005a3f\" data-element_type=\"container\">\n\t\t\t\t<div class=\"elementor-element elementor-element-039c141 elementor-widget elementor-widget-image\" data-id=\"039c141\" data-element_type=\"widget\" data-widget_type=\"image.default\">\n\t\t\t\t<div class=\"elementor-widget-container\">\n\t\t\t\t\t\t\t\t\t\t\t\t\t<img loading=\"lazy\" decoding=\"async\" width=\"2048\" height=\"2560\" src=\"https:\/\/lillufestival.org\/wp-content\/uploads\/2025\/06\/prog-reseaux-10-scaled.webp\" class=\"attachment-full size-full wp-image-2006\" alt=\"\" srcset=\"https:\/\/lillufestival.org\/wp-content\/uploads\/2025\/06\/prog-reseaux-10-scaled.webp 2048w, https:\/\/lillufestival.org\/wp-content\/uploads\/2025\/06\/prog-reseaux-10-240x300.webp 240w, https:\/\/lillufestival.org\/wp-content\/uploads\/2025\/06\/prog-reseaux-10-819x1024.webp 819w, https:\/\/lillufestival.org\/wp-content\/uploads\/2025\/06\/prog-reseaux-10-768x960.webp 768w, https:\/\/lillufestival.org\/wp-content\/uploads\/2025\/06\/prog-reseaux-10-1229x1536.webp 1229w, https:\/\/lillufestival.org\/wp-content\/uploads\/2025\/06\/prog-reseaux-10-1638x2048.webp 1638w\" sizes=\"(max-width: 2048px) 100vw, 2048px\" \/>\t\t\t\t\t\t\t\t\t\t\t\t\t<\/div>\n\t\t\t\t<\/div>\n\t\t\t\t<\/div>\n\t\t<div class=\"elementor-element elementor-element-a23db30 e-con-full e-flex wpr-particle-no wpr-jarallax-no wpr-parallax-no wpr-sticky-section-no e-con e-child\" data-id=\"a23db30\" data-element_type=\"container\">\n\t\t\t\t<div class=\"elementor-element elementor-element-76d06da elementor-widget elementor-widget-image\" data-id=\"76d06da\" data-element_type=\"widget\" data-widget_type=\"image.default\">\n\t\t\t\t<div class=\"elementor-widget-container\">\n\t\t\t\t\t\t\t\t\t\t\t\t\t<img loading=\"lazy\" decoding=\"async\" width=\"2048\" height=\"2560\" src=\"https:\/\/lillufestival.org\/wp-content\/uploads\/2025\/06\/prog-reseaux-15-scaled.webp\" class=\"attachment-full size-full wp-image-2011\" alt=\"\" srcset=\"https:\/\/lillufestival.org\/wp-content\/uploads\/2025\/06\/prog-reseaux-15-scaled.webp 2048w, https:\/\/lillufestival.org\/wp-content\/uploads\/2025\/06\/prog-reseaux-15-240x300.webp 240w, https:\/\/lillufestival.org\/wp-content\/uploads\/2025\/06\/prog-reseaux-15-819x1024.webp 819w, https:\/\/lillufestival.org\/wp-content\/uploads\/2025\/06\/prog-reseaux-15-768x960.webp 768w\" sizes=\"(max-width: 2048px) 100vw, 2048px\" \/>\t\t\t\t\t\t\t\t\t\t\t\t\t<\/div>\n\t\t\t\t<\/div>\n\t\t\t\t<\/div>\n\t\t\t\t\t<\/div>\n\t\t\t\t<\/div>\n\t\t<div class=\"elementor-element elementor-element-43e8018 e-flex e-con-boxed wpr-particle-no wpr-jarallax-no wpr-parallax-no wpr-sticky-section-no e-con e-parent\" data-id=\"43e8018\" data-element_type=\"container\">\n\t\t\t\t\t<div class=\"e-con-inner\">\n\t\t<div class=\"elementor-element elementor-element-15a759b e-con-full e-flex wpr-particle-no wpr-jarallax-no wpr-parallax-no wpr-sticky-section-no e-con e-child\" data-id=\"15a759b\" data-element_type=\"container\">\n\t\t\t\t<div class=\"elementor-element elementor-element-7fa3f9d elementor-widget elementor-widget-image\" data-id=\"7fa3f9d\" data-element_type=\"widget\" data-widget_type=\"image.default\">\n\t\t\t\t<div class=\"elementor-widget-container\">\n\t\t\t\t\t\t\t\t\t\t\t\t\t<img loading=\"lazy\" decoding=\"async\" width=\"2048\" height=\"2560\" src=\"https:\/\/lillufestival.org\/wp-content\/uploads\/2025\/06\/prog-reseaux-21-scaled.webp\" class=\"attachment-full size-full wp-image-2017\" alt=\"\" srcset=\"https:\/\/lillufestival.org\/wp-content\/uploads\/2025\/06\/prog-reseaux-21-scaled.webp 2048w, https:\/\/lillufestival.org\/wp-content\/uploads\/2025\/06\/prog-reseaux-21-240x300.webp 240w, https:\/\/lillufestival.org\/wp-content\/uploads\/2025\/06\/prog-reseaux-21-819x1024.webp 819w, https:\/\/lillufestival.org\/wp-content\/uploads\/2025\/06\/prog-reseaux-21-768x960.webp 768w, https:\/\/lillufestival.org\/wp-content\/uploads\/2025\/06\/prog-reseaux-21-1229x1536.webp 1229w, https:\/\/lillufestival.org\/wp-content\/uploads\/2025\/06\/prog-reseaux-21-1638x2048.webp 1638w\" sizes=\"(max-width: 2048px) 100vw, 2048px\" \/>\t\t\t\t\t\t\t\t\t\t\t\t\t<\/div>\n\t\t\t\t<\/div>\n\t\t\t\t<\/div>\n\t\t<div class=\"elementor-element elementor-element-5dacefa e-con-full e-flex wpr-particle-no wpr-jarallax-no wpr-parallax-no wpr-sticky-section-no e-con e-child\" data-id=\"5dacefa\" data-element_type=\"container\">\n\t\t\t\t<div class=\"elementor-element elementor-element-ef256a5 elementor-widget elementor-widget-image\" data-id=\"ef256a5\" data-element_type=\"widget\" data-widget_type=\"image.default\">\n\t\t\t\t<div class=\"elementor-widget-container\">\n\t\t\t\t\t\t\t\t\t\t\t\t\t<img loading=\"lazy\" decoding=\"async\" width=\"2048\" height=\"2560\" src=\"https:\/\/lillufestival.org\/wp-content\/uploads\/2025\/06\/prog-reseaux-23-scaled.webp\" class=\"attachment-full size-full wp-image-2019\" alt=\"\" srcset=\"https:\/\/lillufestival.org\/wp-content\/uploads\/2025\/06\/prog-reseaux-23-scaled.webp 2048w, https:\/\/lillufestival.org\/wp-content\/uploads\/2025\/06\/prog-reseaux-23-240x300.webp 240w, https:\/\/lillufestival.org\/wp-content\/uploads\/2025\/06\/prog-reseaux-23-819x1024.webp 819w, https:\/\/lillufestival.org\/wp-content\/uploads\/2025\/06\/prog-reseaux-23-768x960.webp 768w, https:\/\/lillufestival.org\/wp-content\/uploads\/2025\/06\/prog-reseaux-23-1229x1536.webp 1229w, https:\/\/lillufestival.org\/wp-content\/uploads\/2025\/06\/prog-reseaux-23-1638x2048.webp 1638w\" sizes=\"(max-width: 2048px) 100vw, 2048px\" \/>\t\t\t\t\t\t\t\t\t\t\t\t\t<\/div>\n\t\t\t\t<\/div>\n\t\t\t\t<\/div>\n\t\t\t\t\t<\/div>\n\t\t\t\t<\/div>\n\t\t\t\t<\/div>\n\t\t","protected":false},"excerpt":{"rendered":"<p>SUR SC\u00c8NE CONF\u00c9RENCE : RAKUGO, K\u00c9ZACO ? Venez d\u00e9couvrir les coulisses d&rsquo;un art nippon qui vous entrainera dans un tourbillon d&rsquo;\u00e9motions et de surprises. TABLE RONDE : DANS LES COULISSES DU MANGA FRAN\u00c7AIS ZD : Auteur du manga Space Punch Sourya : auteur du manga Talli, Fille de la lune M\u00e9d\u00e9 : auteur du manga [&hellip;]<\/p>\n","protected":false},"author":3,"featured_media":0,"parent":0,"menu_order":0,"comment_status":"closed","ping_status":"closed","template":"","meta":{"footnotes":""},"class_list":["post-2050","page","type-page","status-publish","hentry"],"_links":{"self":[{"href":"https:\/\/lillufestival.org\/index.php\/wp-json\/wp\/v2\/pages\/2050","targetHints":{"allow":["GET"]}}],"collection":[{"href":"https:\/\/lillufestival.org\/index.php\/wp-json\/wp\/v2\/pages"}],"about":[{"href":"https:\/\/lillufestival.org\/index.php\/wp-json\/wp\/v2\/types\/page"}],"author":[{"embeddable":true,"href":"https:\/\/lillufestival.org\/index.php\/wp-json\/wp\/v2\/users\/3"}],"replies":[{"embeddable":true,"href":"https:\/\/lillufestival.org\/index.php\/wp-json\/wp\/v2\/comments?post=2050"}],"version-history":[{"count":13,"href":"https:\/\/lillufestival.org\/index.php\/wp-json\/wp\/v2\/pages\/2050\/revisions"}],"predecessor-version":[{"id":2068,"href":"https:\/\/lillufestival.org\/index.php\/wp-json\/wp\/v2\/pages\/2050\/revisions\/2068"}],"wp:attachment":[{"href":"https:\/\/lillufestival.org\/index.php\/wp-json\/wp\/v2\/media?parent=2050"}],"curies":[{"name":"wp","href":"https:\/\/api.w.org\/{rel}","templated":true}]}}