{"id":2066,"date":"2025-06-01T17:05:47","date_gmt":"2025-06-01T15:05:47","guid":{"rendered":"https:\/\/lillufestival.org\/?page_id=2066"},"modified":"2025-06-01T17:09:53","modified_gmt":"2025-06-01T15:09:53","slug":"dimanche","status":"publish","type":"page","link":"https:\/\/lillufestival.org\/index.php\/dimanche\/","title":{"rendered":"Dimanche"},"content":{"rendered":"\t\t<div data-elementor-type=\"wp-page\" data-elementor-id=\"2066\" class=\"elementor elementor-2066\" data-elementor-post-type=\"page\">\n\t\t\t\t<div class=\"elementor-element elementor-element-0d5a077 e-flex e-con-boxed wpr-particle-no wpr-jarallax-no wpr-parallax-no wpr-sticky-section-no e-con e-parent\" data-id=\"0d5a077\" data-element_type=\"container\" data-settings=\"{&quot;background_background&quot;:&quot;classic&quot;}\">\n\t\t\t\t\t<div class=\"e-con-inner\">\n\t\t\t\t<div class=\"elementor-element elementor-element-2f7e179 elementor-widget__width-inherit elementor-widget elementor-widget-heading\" data-id=\"2f7e179\" data-element_type=\"widget\" data-widget_type=\"heading.default\">\n\t\t\t\t<div class=\"elementor-widget-container\">\n\t\t\t<style>\/*! elementor - v3.23.0 - 25-07-2024 *\/\n.elementor-heading-title{padding:0;margin:0;line-height:1}.elementor-widget-heading .elementor-heading-title[class*=elementor-size-]>a{color:inherit;font-size:inherit;line-height:inherit}.elementor-widget-heading .elementor-heading-title.elementor-size-small{font-size:15px}.elementor-widget-heading .elementor-heading-title.elementor-size-medium{font-size:19px}.elementor-widget-heading .elementor-heading-title.elementor-size-large{font-size:29px}.elementor-widget-heading .elementor-heading-title.elementor-size-xl{font-size:39px}.elementor-widget-heading .elementor-heading-title.elementor-size-xxl{font-size:59px}<\/style><h2 class=\"elementor-heading-title elementor-size-default\">SUR SC\u00c8NE<\/h2>\t\t<\/div>\n\t\t\t\t<\/div>\n\t\t\t\t\t<\/div>\n\t\t\t\t<\/div>\n\t\t<div class=\"elementor-element elementor-element-ef166fd e-con-full e-flex wpr-particle-no wpr-jarallax-no wpr-parallax-no wpr-sticky-section-no e-con e-parent\" data-id=\"ef166fd\" data-element_type=\"container\">\n\t\t<div class=\"elementor-element elementor-element-51c9a12 e-con-full e-flex wpr-particle-no wpr-jarallax-no wpr-parallax-no wpr-sticky-section-no e-con e-child\" data-id=\"51c9a12\" data-element_type=\"container\">\n\t\t\t\t<div class=\"elementor-element elementor-element-e95592a elementor-position-top elementor-widget elementor-widget-image-box\" data-id=\"e95592a\" data-element_type=\"widget\" data-widget_type=\"image-box.default\">\n\t\t\t\t<div class=\"elementor-widget-container\">\n\t\t\t<style>\/*! elementor - v3.23.0 - 25-07-2024 *\/\n.elementor-widget-image-box .elementor-image-box-content{width:100%}@media (min-width:768px){.elementor-widget-image-box.elementor-position-left .elementor-image-box-wrapper,.elementor-widget-image-box.elementor-position-right .elementor-image-box-wrapper{display:flex}.elementor-widget-image-box.elementor-position-right .elementor-image-box-wrapper{text-align:end;flex-direction:row-reverse}.elementor-widget-image-box.elementor-position-left .elementor-image-box-wrapper{text-align:start;flex-direction:row}.elementor-widget-image-box.elementor-position-top .elementor-image-box-img{margin:auto}.elementor-widget-image-box.elementor-vertical-align-top .elementor-image-box-wrapper{align-items:flex-start}.elementor-widget-image-box.elementor-vertical-align-middle .elementor-image-box-wrapper{align-items:center}.elementor-widget-image-box.elementor-vertical-align-bottom .elementor-image-box-wrapper{align-items:flex-end}}@media (max-width:767px){.elementor-widget-image-box .elementor-image-box-img{margin-left:auto!important;margin-right:auto!important;margin-bottom:15px}}.elementor-widget-image-box .elementor-image-box-img{display:inline-block}.elementor-widget-image-box .elementor-image-box-title a{color:inherit}.elementor-widget-image-box .elementor-image-box-wrapper{text-align:center}.elementor-widget-image-box .elementor-image-box-description{margin:0}<\/style><div class=\"elementor-image-box-wrapper\"><figure class=\"elementor-image-box-img\"><img fetchpriority=\"high\" decoding=\"async\" width=\"2048\" height=\"2560\" src=\"https:\/\/lillufestival.org\/wp-content\/uploads\/2025\/06\/prog-reseaux-11-scaled.webp\" class=\"attachment-full size-full wp-image-2007\" alt=\"\" srcset=\"https:\/\/lillufestival.org\/wp-content\/uploads\/2025\/06\/prog-reseaux-11-scaled.webp 2048w, https:\/\/lillufestival.org\/wp-content\/uploads\/2025\/06\/prog-reseaux-11-240x300.webp 240w, https:\/\/lillufestival.org\/wp-content\/uploads\/2025\/06\/prog-reseaux-11-819x1024.webp 819w, https:\/\/lillufestival.org\/wp-content\/uploads\/2025\/06\/prog-reseaux-11-768x960.webp 768w, https:\/\/lillufestival.org\/wp-content\/uploads\/2025\/06\/prog-reseaux-11-1229x1536.webp 1229w, https:\/\/lillufestival.org\/wp-content\/uploads\/2025\/06\/prog-reseaux-11-1638x2048.webp 1638w\" sizes=\"(max-width: 2048px) 100vw, 2048px\" \/><\/figure><div class=\"elementor-image-box-content\"><h3 class=\"elementor-image-box-title\">CONF\u00c9RENCE : l'art du kimono<\/h3><p class=\"elementor-image-box-description\">L'Association lilloise Okiya vous propose de d\u00e9couvrir un art et une culture vestimentaire unique en son genre, le kimono.<\/p><\/div><\/div>\t\t<\/div>\n\t\t\t\t<\/div>\n\t\t\t\t<\/div>\n\t\t<div class=\"elementor-element elementor-element-88237c6 e-con-full e-flex wpr-particle-no wpr-jarallax-no wpr-parallax-no wpr-sticky-section-no e-con e-child\" data-id=\"88237c6\" data-element_type=\"container\">\n\t\t\t\t<div class=\"elementor-element elementor-element-31cbf4a elementor-position-top elementor-widget elementor-widget-image-box\" data-id=\"31cbf4a\" data-element_type=\"widget\" data-widget_type=\"image-box.default\">\n\t\t\t\t<div class=\"elementor-widget-container\">\n\t\t\t<div class=\"elementor-image-box-wrapper\"><figure class=\"elementor-image-box-img\"><img decoding=\"async\" width=\"2048\" height=\"2560\" src=\"https:\/\/lillufestival.org\/wp-content\/uploads\/2025\/06\/prog-reseaux-12-scaled.webp\" class=\"attachment-full size-full wp-image-2008\" alt=\"\" srcset=\"https:\/\/lillufestival.org\/wp-content\/uploads\/2025\/06\/prog-reseaux-12-scaled.webp 2048w, https:\/\/lillufestival.org\/wp-content\/uploads\/2025\/06\/prog-reseaux-12-240x300.webp 240w, https:\/\/lillufestival.org\/wp-content\/uploads\/2025\/06\/prog-reseaux-12-819x1024.webp 819w, https:\/\/lillufestival.org\/wp-content\/uploads\/2025\/06\/prog-reseaux-12-768x960.webp 768w\" sizes=\"(max-width: 2048px) 100vw, 2048px\" \/><\/figure><div class=\"elementor-image-box-content\"><h3 class=\"elementor-image-box-title\">performance : calligraphie<\/h3><p class=\"elementor-image-box-description\">Venez profiter de 20 minutes  de calligraphie g\u00e9ante avec l'artiste  et professeur de calligraphie Kyoko Meyer. Une performance accompagn\u00e9e d'une prestation musicale.<\/p><\/div><\/div>\t\t<\/div>\n\t\t\t\t<\/div>\n\t\t\t\t<\/div>\n\t\t<div class=\"elementor-element elementor-element-5f2e9dc e-con-full e-flex wpr-particle-no wpr-jarallax-no wpr-parallax-no wpr-sticky-section-no e-con e-child\" data-id=\"5f2e9dc\" data-element_type=\"container\">\n\t\t\t\t<div class=\"elementor-element elementor-element-054becd elementor-position-top elementor-widget elementor-widget-image-box\" data-id=\"054becd\" data-element_type=\"widget\" data-widget_type=\"image-box.default\">\n\t\t\t\t<div class=\"elementor-widget-container\">\n\t\t\t<div class=\"elementor-image-box-wrapper\"><figure class=\"elementor-image-box-img\"><img decoding=\"async\" width=\"2048\" height=\"2560\" src=\"https:\/\/lillufestival.org\/wp-content\/uploads\/2025\/06\/prog-reseaux-13-scaled.webp\" class=\"attachment-full size-full wp-image-2009\" alt=\"\" srcset=\"https:\/\/lillufestival.org\/wp-content\/uploads\/2025\/06\/prog-reseaux-13-scaled.webp 2048w, https:\/\/lillufestival.org\/wp-content\/uploads\/2025\/06\/prog-reseaux-13-240x300.webp 240w, https:\/\/lillufestival.org\/wp-content\/uploads\/2025\/06\/prog-reseaux-13-819x1024.webp 819w, https:\/\/lillufestival.org\/wp-content\/uploads\/2025\/06\/prog-reseaux-13-768x960.webp 768w, https:\/\/lillufestival.org\/wp-content\/uploads\/2025\/06\/prog-reseaux-13-1229x1536.webp 1229w, https:\/\/lillufestival.org\/wp-content\/uploads\/2025\/06\/prog-reseaux-13-1638x2048.webp 1638w\" sizes=\"(max-width: 2048px) 100vw, 2048px\" \/><\/figure><div class=\"elementor-image-box-content\"><h3 class=\"elementor-image-box-title\">CONCERT DESSIN\u00c9<\/h3><p class=\"elementor-image-box-description\">Xavier Lancel, g\u00e9rant de la librairie lilloise Croafunding vous propose un quizz g\u00e9ant autour du comics... aurez-vous les connaissances n\u00e9c\u00e9ssaires pour le d\u00e9fier ?<\/p><\/div><\/div>\t\t<\/div>\n\t\t\t\t<\/div>\n\t\t\t\t<\/div>\n\t\t\t\t<\/div>\n\t\t<div class=\"elementor-element elementor-element-fafb8a2 e-flex e-con-boxed wpr-particle-no wpr-jarallax-no wpr-parallax-no wpr-sticky-section-no e-con e-parent\" data-id=\"fafb8a2\" data-element_type=\"container\">\n\t\t\t\t\t<div class=\"e-con-inner\">\n\t\t<div class=\"elementor-element elementor-element-4804675 e-con-full e-flex wpr-particle-no wpr-jarallax-no wpr-parallax-no wpr-sticky-section-no e-con e-child\" data-id=\"4804675\" data-element_type=\"container\">\n\t\t\t\t<div class=\"elementor-element elementor-element-d71d9bb elementor-position-top elementor-widget elementor-widget-image-box\" data-id=\"d71d9bb\" data-element_type=\"widget\" data-widget_type=\"image-box.default\">\n\t\t\t\t<div class=\"elementor-widget-container\">\n\t\t\t<div class=\"elementor-image-box-wrapper\"><figure class=\"elementor-image-box-img\"><img loading=\"lazy\" decoding=\"async\" width=\"2048\" height=\"2560\" src=\"https:\/\/lillufestival.org\/wp-content\/uploads\/2025\/06\/prog-reseaux-17-scaled.webp\" class=\"attachment-full size-full wp-image-2013\" alt=\"\" srcset=\"https:\/\/lillufestival.org\/wp-content\/uploads\/2025\/06\/prog-reseaux-17-scaled.webp 2048w, https:\/\/lillufestival.org\/wp-content\/uploads\/2025\/06\/prog-reseaux-17-240x300.webp 240w, https:\/\/lillufestival.org\/wp-content\/uploads\/2025\/06\/prog-reseaux-17-819x1024.webp 819w, https:\/\/lillufestival.org\/wp-content\/uploads\/2025\/06\/prog-reseaux-17-768x960.webp 768w, https:\/\/lillufestival.org\/wp-content\/uploads\/2025\/06\/prog-reseaux-17-1229x1536.webp 1229w, https:\/\/lillufestival.org\/wp-content\/uploads\/2025\/06\/prog-reseaux-17-1638x2048.webp 1638w\" sizes=\"(max-width: 2048px) 100vw, 2048px\" \/><\/figure><div class=\"elementor-image-box-content\"><h3 class=\"elementor-image-box-title\">Battle de doublage<\/h3><p class=\"elementor-image-box-description\">8 Candidats s'affronteront sur les bandes rythmo de Chantal Baroin, com\u00e9dienne professionnelle.<\/p><\/div><\/div>\t\t<\/div>\n\t\t\t\t<\/div>\n\t\t\t\t<\/div>\n\t\t<div class=\"elementor-element elementor-element-4dedd12 e-con-full e-flex wpr-particle-no wpr-jarallax-no wpr-parallax-no wpr-sticky-section-no e-con e-child\" data-id=\"4dedd12\" data-element_type=\"container\">\n\t\t\t\t<div class=\"elementor-element elementor-element-7b91795 elementor-position-top elementor-widget elementor-widget-image-box\" data-id=\"7b91795\" data-element_type=\"widget\" data-widget_type=\"image-box.default\">\n\t\t\t\t<div class=\"elementor-widget-container\">\n\t\t\t<div class=\"elementor-image-box-wrapper\"><figure class=\"elementor-image-box-img\"><img loading=\"lazy\" decoding=\"async\" width=\"2048\" height=\"2560\" src=\"https:\/\/lillufestival.org\/wp-content\/uploads\/2025\/06\/prog-reseaux-18-scaled.webp\" class=\"attachment-full size-full wp-image-2014\" alt=\"\" srcset=\"https:\/\/lillufestival.org\/wp-content\/uploads\/2025\/06\/prog-reseaux-18-scaled.webp 2048w, https:\/\/lillufestival.org\/wp-content\/uploads\/2025\/06\/prog-reseaux-18-240x300.webp 240w, https:\/\/lillufestival.org\/wp-content\/uploads\/2025\/06\/prog-reseaux-18-819x1024.webp 819w, https:\/\/lillufestival.org\/wp-content\/uploads\/2025\/06\/prog-reseaux-18-768x960.webp 768w\" sizes=\"(max-width: 2048px) 100vw, 2048px\" \/><\/figure><div class=\"elementor-image-box-content\"><h3 class=\"elementor-image-box-title\">Performance : rakugo<\/h3><p class=\"elementor-image-box-description\">Un spectacle d'une heure sur l'art nippon du Rakugo.<\/p><\/div><\/div>\t\t<\/div>\n\t\t\t\t<\/div>\n\t\t\t\t<\/div>\n\t\t\t\t\t<\/div>\n\t\t\t\t<\/div>\n\t\t<div class=\"elementor-element elementor-element-87f6116 e-flex e-con-boxed wpr-particle-no wpr-jarallax-no wpr-parallax-no wpr-sticky-section-no e-con e-parent\" data-id=\"87f6116\" data-element_type=\"container\" data-settings=\"{&quot;background_background&quot;:&quot;classic&quot;}\">\n\t\t\t\t\t<div class=\"e-con-inner\">\n\t\t<div class=\"elementor-element elementor-element-c94988f e-con-full e-flex wpr-particle-no wpr-jarallax-no wpr-parallax-no wpr-sticky-section-no e-con e-child\" data-id=\"c94988f\" data-element_type=\"container\" data-settings=\"{&quot;background_background&quot;:&quot;classic&quot;}\">\n\t\t\t\t<div class=\"elementor-element elementor-element-a58c97d elementor-widget__width-inherit elementor-widget elementor-widget-heading\" data-id=\"a58c97d\" data-element_type=\"widget\" data-widget_type=\"heading.default\">\n\t\t\t\t<div class=\"elementor-widget-container\">\n\t\t\t<h2 class=\"elementor-heading-title elementor-size-default\">les ateliers<\/h2>\t\t<\/div>\n\t\t\t\t<\/div>\n\t\t\t\t<\/div>\n\t\t\t\t\t<\/div>\n\t\t\t\t<\/div>\n\t\t<div class=\"elementor-element elementor-element-ec90365 e-flex e-con-boxed wpr-particle-no wpr-jarallax-no wpr-parallax-no wpr-sticky-section-no e-con e-parent\" data-id=\"ec90365\" data-element_type=\"container\">\n\t\t\t\t\t<div class=\"e-con-inner\">\n\t\t<div class=\"elementor-element elementor-element-f34456f e-con-full e-flex wpr-particle-no wpr-jarallax-no wpr-parallax-no wpr-sticky-section-no e-con e-child\" data-id=\"f34456f\" data-element_type=\"container\">\n\t\t\t\t<div class=\"elementor-element elementor-element-67cd9ef elementor-widget elementor-widget-image\" data-id=\"67cd9ef\" data-element_type=\"widget\" data-widget_type=\"image.default\">\n\t\t\t\t<div class=\"elementor-widget-container\">\n\t\t\t<style>\/*! elementor - v3.23.0 - 25-07-2024 *\/\n.elementor-widget-image{text-align:center}.elementor-widget-image a{display:inline-block}.elementor-widget-image a img[src$=\".svg\"]{width:48px}.elementor-widget-image img{vertical-align:middle;display:inline-block}<\/style>\t\t\t\t\t\t\t\t\t\t<img loading=\"lazy\" decoding=\"async\" width=\"2048\" height=\"2560\" src=\"https:\/\/lillufestival.org\/wp-content\/uploads\/2025\/06\/prog-reseaux-19-scaled.webp\" class=\"attachment-full size-full wp-image-2015\" alt=\"\" srcset=\"https:\/\/lillufestival.org\/wp-content\/uploads\/2025\/06\/prog-reseaux-19-scaled.webp 2048w, https:\/\/lillufestival.org\/wp-content\/uploads\/2025\/06\/prog-reseaux-19-240x300.webp 240w, https:\/\/lillufestival.org\/wp-content\/uploads\/2025\/06\/prog-reseaux-19-819x1024.webp 819w, https:\/\/lillufestival.org\/wp-content\/uploads\/2025\/06\/prog-reseaux-19-768x960.webp 768w, https:\/\/lillufestival.org\/wp-content\/uploads\/2025\/06\/prog-reseaux-19-1229x1536.webp 1229w, https:\/\/lillufestival.org\/wp-content\/uploads\/2025\/06\/prog-reseaux-19-1638x2048.webp 1638w\" sizes=\"(max-width: 2048px) 100vw, 2048px\" \/>\t\t\t\t\t\t\t\t\t\t\t\t\t<\/div>\n\t\t\t\t<\/div>\n\t\t\t\t<\/div>\n\t\t<div class=\"elementor-element elementor-element-a1c32a6 e-con-full e-flex wpr-particle-no wpr-jarallax-no wpr-parallax-no wpr-sticky-section-no e-con e-child\" data-id=\"a1c32a6\" data-element_type=\"container\">\n\t\t\t\t<div class=\"elementor-element elementor-element-806e278 elementor-view-stacked elementor-shape-circle elementor-position-top elementor-mobile-position-top elementor-widget elementor-widget-icon-box\" data-id=\"806e278\" data-element_type=\"widget\" data-widget_type=\"icon-box.default\">\n\t\t\t\t<div class=\"elementor-widget-container\">\n\t\t\t<link rel=\"stylesheet\" href=\"https:\/\/lillufestival.org\/wp-content\/plugins\/elementor\/assets\/css\/widget-icon-box.min.css\">\t\t<div class=\"elementor-icon-box-wrapper\">\n\n\t\t\t\t\t\t<div class=\"elementor-icon-box-icon\">\n\t\t\t\t<a href=\"https:\/\/docs.google.com\/forms\/d\/e\/1FAIpQLSdfvotCihuIN_w9zlG6S2vTIk_rxuQm_uDAM8BkSxSD8sHy_Q\/viewform\" class=\"elementor-icon elementor-animation-\" tabindex=\"-1\">\n\t\t\t\t<svg aria-hidden=\"true\" class=\"e-font-icon-svg e-fas-pencil-alt\" viewBox=\"0 0 512 512\" xmlns=\"http:\/\/www.w3.org\/2000\/svg\"><path d=\"M497.9 142.1l-46.1 46.1c-4.7 4.7-12.3 4.7-17 0l-111-111c-4.7-4.7-4.7-12.3 0-17l46.1-46.1c18.7-18.7 49.1-18.7 67.9 0l60.1 60.1c18.8 18.7 18.8 49.1 0 67.9zM284.2 99.8L21.6 362.4.4 483.9c-2.9 16.4 11.4 30.6 27.8 27.8l121.5-21.3 262.6-262.6c4.7-4.7 4.7-12.3 0-17l-111-111c-4.8-4.7-12.4-4.7-17.1 0zM124.1 339.9c-5.5-5.5-5.5-14.3 0-19.8l154-154c5.5-5.5 14.3-5.5 19.8 0s5.5 14.3 0 19.8l-154 154c-5.5 5.5-14.3 5.5-19.8 0zM88 424h48v36.3l-64.5 11.3-31.1-31.1L51.7 376H88v48z\"><\/path><\/svg>\t\t\t\t<\/a>\n\t\t\t<\/div>\n\t\t\t\n\t\t\t\t\t\t<div class=\"elementor-icon-box-content\">\n\n\t\t\t\t\t\t\t\t\t<h3 class=\"elementor-icon-box-title\">\n\t\t\t\t\t\t<a href=\"https:\/\/docs.google.com\/forms\/d\/e\/1FAIpQLSdfvotCihuIN_w9zlG6S2vTIk_rxuQm_uDAM8BkSxSD8sHy_Q\/viewform\" >\n\t\t\t\t\t\t\tS'inscrire aux ateliers ici\t\t\t\t\t\t<\/a>\n\t\t\t\t\t<\/h3>\n\t\t\t\t\n\t\t\t\t\n\t\t\t<\/div>\n\t\t\t\n\t\t<\/div>\n\t\t\t\t<\/div>\n\t\t\t\t<\/div>\n\t\t\t\t<\/div>\n\t\t\t\t\t<\/div>\n\t\t\t\t<\/div>\n\t\t<div class=\"elementor-element elementor-element-08dd08d e-flex e-con-boxed wpr-particle-no wpr-jarallax-no wpr-parallax-no wpr-sticky-section-no e-con e-parent\" data-id=\"08dd08d\" data-element_type=\"container\">\n\t\t\t\t\t<div class=\"e-con-inner\">\n\t\t<div class=\"elementor-element elementor-element-5b44bf3 e-con-full e-flex wpr-particle-no wpr-jarallax-no wpr-parallax-no wpr-sticky-section-no e-con e-child\" data-id=\"5b44bf3\" data-element_type=\"container\">\n\t\t\t\t<div class=\"elementor-element elementor-element-ea5ee57 elementor-widget elementor-widget-image\" data-id=\"ea5ee57\" data-element_type=\"widget\" data-widget_type=\"image.default\">\n\t\t\t\t<div class=\"elementor-widget-container\">\n\t\t\t\t\t\t\t\t\t\t\t\t\t<img loading=\"lazy\" decoding=\"async\" width=\"2048\" height=\"2560\" src=\"https:\/\/lillufestival.org\/wp-content\/uploads\/2025\/06\/prog-reseaux-20-scaled.webp\" class=\"attachment-full size-full wp-image-2016\" alt=\"\" srcset=\"https:\/\/lillufestival.org\/wp-content\/uploads\/2025\/06\/prog-reseaux-20-scaled.webp 2048w, https:\/\/lillufestival.org\/wp-content\/uploads\/2025\/06\/prog-reseaux-20-240x300.webp 240w, https:\/\/lillufestival.org\/wp-content\/uploads\/2025\/06\/prog-reseaux-20-819x1024.webp 819w, https:\/\/lillufestival.org\/wp-content\/uploads\/2025\/06\/prog-reseaux-20-768x960.webp 768w, https:\/\/lillufestival.org\/wp-content\/uploads\/2025\/06\/prog-reseaux-20-1229x1536.webp 1229w, https:\/\/lillufestival.org\/wp-content\/uploads\/2025\/06\/prog-reseaux-20-1638x2048.webp 1638w\" sizes=\"(max-width: 2048px) 100vw, 2048px\" \/>\t\t\t\t\t\t\t\t\t\t\t\t\t<\/div>\n\t\t\t\t<\/div>\n\t\t\t\t<\/div>\n\t\t<div class=\"elementor-element elementor-element-2571f52 e-con-full e-flex wpr-particle-no wpr-jarallax-no wpr-parallax-no wpr-sticky-section-no e-con e-child\" data-id=\"2571f52\" data-element_type=\"container\">\n\t\t\t\t<div class=\"elementor-element elementor-element-827f349 elementor-widget elementor-widget-image\" data-id=\"827f349\" data-element_type=\"widget\" data-widget_type=\"image.default\">\n\t\t\t\t<div class=\"elementor-widget-container\">\n\t\t\t\t\t\t\t\t\t\t\t\t\t<img loading=\"lazy\" decoding=\"async\" width=\"2049\" height=\"2560\" src=\"https:\/\/lillufestival.org\/wp-content\/uploads\/2025\/06\/prog-reseaux-22-scaled.webp\" class=\"attachment-full size-full wp-image-2018\" alt=\"\" srcset=\"https:\/\/lillufestival.org\/wp-content\/uploads\/2025\/06\/prog-reseaux-22-scaled.webp 2049w, https:\/\/lillufestival.org\/wp-content\/uploads\/2025\/06\/prog-reseaux-22-240x300.webp 240w, https:\/\/lillufestival.org\/wp-content\/uploads\/2025\/06\/prog-reseaux-22-819x1024.webp 819w, https:\/\/lillufestival.org\/wp-content\/uploads\/2025\/06\/prog-reseaux-22-768x960.webp 768w, https:\/\/lillufestival.org\/wp-content\/uploads\/2025\/06\/prog-reseaux-22-1229x1536.webp 1229w, https:\/\/lillufestival.org\/wp-content\/uploads\/2025\/06\/prog-reseaux-22-1639x2048.webp 1639w\" sizes=\"(max-width: 2049px) 100vw, 2049px\" \/>\t\t\t\t\t\t\t\t\t\t\t\t\t<\/div>\n\t\t\t\t<\/div>\n\t\t\t\t<\/div>\n\t\t\t\t\t<\/div>\n\t\t\t\t<\/div>\n\t\t<div class=\"elementor-element elementor-element-ea8ac94 e-flex e-con-boxed wpr-particle-no wpr-jarallax-no wpr-parallax-no wpr-sticky-section-no e-con e-parent\" data-id=\"ea8ac94\" data-element_type=\"container\">\n\t\t\t\t\t<div class=\"e-con-inner\">\n\t\t<div class=\"elementor-element elementor-element-e40e90c e-con-full e-flex wpr-particle-no wpr-jarallax-no wpr-parallax-no wpr-sticky-section-no e-con e-child\" data-id=\"e40e90c\" data-element_type=\"container\">\n\t\t\t\t<div class=\"elementor-element elementor-element-1077b23 elementor-widget elementor-widget-image\" data-id=\"1077b23\" data-element_type=\"widget\" data-widget_type=\"image.default\">\n\t\t\t\t<div class=\"elementor-widget-container\">\n\t\t\t\t\t\t\t\t\t\t\t\t\t<img loading=\"lazy\" decoding=\"async\" width=\"2048\" height=\"2560\" src=\"https:\/\/lillufestival.org\/wp-content\/uploads\/2025\/06\/prog-reseaux-21-scaled.webp\" class=\"attachment-full size-full wp-image-2017\" alt=\"\" srcset=\"https:\/\/lillufestival.org\/wp-content\/uploads\/2025\/06\/prog-reseaux-21-scaled.webp 2048w, https:\/\/lillufestival.org\/wp-content\/uploads\/2025\/06\/prog-reseaux-21-240x300.webp 240w, https:\/\/lillufestival.org\/wp-content\/uploads\/2025\/06\/prog-reseaux-21-819x1024.webp 819w, https:\/\/lillufestival.org\/wp-content\/uploads\/2025\/06\/prog-reseaux-21-768x960.webp 768w, https:\/\/lillufestival.org\/wp-content\/uploads\/2025\/06\/prog-reseaux-21-1229x1536.webp 1229w, https:\/\/lillufestival.org\/wp-content\/uploads\/2025\/06\/prog-reseaux-21-1638x2048.webp 1638w\" sizes=\"(max-width: 2048px) 100vw, 2048px\" \/>\t\t\t\t\t\t\t\t\t\t\t\t\t<\/div>\n\t\t\t\t<\/div>\n\t\t\t\t<\/div>\n\t\t<div class=\"elementor-element elementor-element-a6e3baa e-con-full e-flex wpr-particle-no wpr-jarallax-no wpr-parallax-no wpr-sticky-section-no e-con e-child\" data-id=\"a6e3baa\" data-element_type=\"container\">\n\t\t\t\t<div class=\"elementor-element elementor-element-db2614d elementor-widget elementor-widget-image\" data-id=\"db2614d\" data-element_type=\"widget\" data-widget_type=\"image.default\">\n\t\t\t\t<div class=\"elementor-widget-container\">\n\t\t\t\t\t\t\t\t\t\t\t\t\t<img loading=\"lazy\" decoding=\"async\" width=\"2048\" height=\"2560\" src=\"https:\/\/lillufestival.org\/wp-content\/uploads\/2025\/06\/prog-reseaux-23-scaled.webp\" class=\"attachment-full size-full wp-image-2019\" alt=\"\" srcset=\"https:\/\/lillufestival.org\/wp-content\/uploads\/2025\/06\/prog-reseaux-23-scaled.webp 2048w, https:\/\/lillufestival.org\/wp-content\/uploads\/2025\/06\/prog-reseaux-23-240x300.webp 240w, https:\/\/lillufestival.org\/wp-content\/uploads\/2025\/06\/prog-reseaux-23-819x1024.webp 819w, https:\/\/lillufestival.org\/wp-content\/uploads\/2025\/06\/prog-reseaux-23-768x960.webp 768w, https:\/\/lillufestival.org\/wp-content\/uploads\/2025\/06\/prog-reseaux-23-1229x1536.webp 1229w, https:\/\/lillufestival.org\/wp-content\/uploads\/2025\/06\/prog-reseaux-23-1638x2048.webp 1638w\" sizes=\"(max-width: 2048px) 100vw, 2048px\" \/>\t\t\t\t\t\t\t\t\t\t\t\t\t<\/div>\n\t\t\t\t<\/div>\n\t\t\t\t<\/div>\n\t\t\t\t\t<\/div>\n\t\t\t\t<\/div>\n\t\t\t\t<\/div>\n\t\t","protected":false},"excerpt":{"rendered":"<p>SUR SC\u00c8NE CONF\u00c9RENCE : l&rsquo;art du kimono L&rsquo;Association lilloise Okiya vous propose de d\u00e9couvrir un art et une culture vestimentaire unique en son genre, le kimono. performance : calligraphie Venez profiter de 20 minutes de calligraphie g\u00e9ante avec l&rsquo;artiste et professeur de calligraphie Kyoko Meyer. Une performance accompagn\u00e9e d&rsquo;une prestation musicale. CONCERT DESSIN\u00c9 Xavier Lancel, [&hellip;]<\/p>\n","protected":false},"author":3,"featured_media":0,"parent":0,"menu_order":0,"comment_status":"closed","ping_status":"closed","template":"","meta":{"footnotes":""},"class_list":["post-2066","page","type-page","status-publish","hentry"],"_links":{"self":[{"href":"https:\/\/lillufestival.org\/index.php\/wp-json\/wp\/v2\/pages\/2066","targetHints":{"allow":["GET"]}}],"collection":[{"href":"https:\/\/lillufestival.org\/index.php\/wp-json\/wp\/v2\/pages"}],"about":[{"href":"https:\/\/lillufestival.org\/index.php\/wp-json\/wp\/v2\/types\/page"}],"author":[{"embeddable":true,"href":"https:\/\/lillufestival.org\/index.php\/wp-json\/wp\/v2\/users\/3"}],"replies":[{"embeddable":true,"href":"https:\/\/lillufestival.org\/index.php\/wp-json\/wp\/v2\/comments?post=2066"}],"version-history":[{"count":4,"href":"https:\/\/lillufestival.org\/index.php\/wp-json\/wp\/v2\/pages\/2066\/revisions"}],"predecessor-version":[{"id":2071,"href":"https:\/\/lillufestival.org\/index.php\/wp-json\/wp\/v2\/pages\/2066\/revisions\/2071"}],"wp:attachment":[{"href":"https:\/\/lillufestival.org\/index.php\/wp-json\/wp\/v2\/media?parent=2066"}],"curies":[{"name":"wp","href":"https:\/\/api.w.org\/{rel}","templated":true}]}}