{"id":3,"date":"2024-04-26T18:28:27","date_gmt":"2024-04-26T16:28:27","guid":{"rendered":"http:\/\/lillufestival.org\/?page_id=3"},"modified":"2025-02-20T17:28:28","modified_gmt":"2025-02-20T16:28:28","slug":"politique-de-confidentialite","status":"publish","type":"page","link":"https:\/\/lillufestival.org\/index.php\/politique-de-confidentialite\/","title":{"rendered":"Politique de confidentialit\u00e9"},"content":{"rendered":"\t\t<div data-elementor-type=\"wp-page\" data-elementor-id=\"3\" class=\"elementor elementor-3\" data-elementor-post-type=\"page\">\n\t\t\t\t<div class=\"elementor-element elementor-element-488e717f e-flex e-con-boxed wpr-particle-no wpr-jarallax-no wpr-parallax-no wpr-sticky-section-no e-con e-parent\" data-id=\"488e717f\" data-element_type=\"container\">\n\t\t\t\t\t<div class=\"e-con-inner\">\n\t\t\t\t<div class=\"elementor-element elementor-element-400aa096 elementor-widget elementor-widget-text-editor\" data-id=\"400aa096\" data-element_type=\"widget\" data-widget_type=\"text-editor.default\">\n\t\t\t\t<div class=\"elementor-widget-container\">\n\t\t\t<style>\/*! elementor - v3.23.0 - 25-07-2024 *\/\n.elementor-widget-text-editor.elementor-drop-cap-view-stacked .elementor-drop-cap{background-color:#69727d;color:#fff}.elementor-widget-text-editor.elementor-drop-cap-view-framed .elementor-drop-cap{color:#69727d;border:3px solid;background-color:transparent}.elementor-widget-text-editor:not(.elementor-drop-cap-view-default) .elementor-drop-cap{margin-top:8px}.elementor-widget-text-editor:not(.elementor-drop-cap-view-default) .elementor-drop-cap-letter{width:1em;height:1em}.elementor-widget-text-editor .elementor-drop-cap{float:left;text-align:center;line-height:1;font-size:50px}.elementor-widget-text-editor .elementor-drop-cap-letter{display:inline-block}<\/style>\t\t\t\t<!-- wp:heading -->\n<h3 data-start=\"224\" data-end=\"258\">Politique de Confidentialit\u00e9<\/h3>\n<p data-start=\"260\" data-end=\"295\"><strong data-start=\"260\" data-end=\"293\">Derni\u00e8re mise \u00e0 jour : [date]<\/strong><\/p>\n<p data-start=\"297\" data-end=\"555\">Le Lillu Festival attache une grande importance \u00e0 la protection de vos donn\u00e9es personnelles et s\u2019engage \u00e0 les traiter avec transparence et dans le respect de la r\u00e9glementation en vigueur, notamment le R\u00e8glement G\u00e9n\u00e9ral sur la Protection des Donn\u00e9es (RGPD).<\/p>\n<h3 data-start=\"557\" data-end=\"603\">1. <strong data-start=\"564\" data-end=\"601\">Collecte des donn\u00e9es personnelles<\/strong><\/h3>\n<p data-start=\"604\" data-end=\"716\">Nous collectons certaines informations lorsque vous utilisez notre site ou interagissez avec nous, notamment :<\/p>\n<ul data-start=\"717\" data-end=\"945\">\n<li data-start=\"717\" data-end=\"798\">Lors de l\u2019inscription \u00e0 nos concours et \u00e9v\u00e9nements (nom, pr\u00e9nom, email, etc.)<\/li>\n<li data-start=\"799\" data-end=\"863\">Lors de l\u2019envoi d\u2019un message via notre formulaire de contact<\/li>\n<li data-start=\"864\" data-end=\"945\">Lors de votre navigation sur notre site via des cookies (voir section d\u00e9di\u00e9e)<\/li>\n<\/ul>\n<h3 data-start=\"947\" data-end=\"983\">2. <strong data-start=\"954\" data-end=\"981\">Utilisation des donn\u00e9es<\/strong><\/h3>\n<p data-start=\"984\" data-end=\"1023\">Vos donn\u00e9es sont collect\u00e9es afin de :<\/p>\n<ul data-start=\"1024\" data-end=\"1259\">\n<li data-start=\"1024\" data-end=\"1098\">G\u00e9rer votre participation aux concours et \u00e9v\u00e9nements du Lillu Festival<\/li>\n<li data-start=\"1099\" data-end=\"1144\">R\u00e9pondre \u00e0 vos demandes et communications<\/li>\n<li data-start=\"1145\" data-end=\"1202\">Am\u00e9liorer votre exp\u00e9rience utilisateur sur notre site<\/li>\n<li data-start=\"1203\" data-end=\"1259\">Assurer le bon fonctionnement et la s\u00e9curit\u00e9 du site<\/li>\n<\/ul>\n<p data-start=\"1261\" data-end=\"1344\">Nous ne vendons ni ne partageons vos donn\u00e9es \u00e0 des tiers \u00e0 des fins commerciales.<\/p>\n<h3 data-start=\"1346\" data-end=\"1380\">3. <strong data-start=\"1353\" data-end=\"1378\">Dur\u00e9e de conservation<\/strong><\/h3>\n<p data-start=\"1381\" data-end=\"1537\">Nous conservons vos donn\u00e9es uniquement le temps n\u00e9cessaire \u00e0 la r\u00e9alisation des finalit\u00e9s mentionn\u00e9es ci-dessus, en accord avec la l\u00e9gislation en vigueur.<\/p>\n<h3 data-start=\"1539\" data-end=\"1572\">4. <strong data-start=\"1546\" data-end=\"1570\">S\u00e9curit\u00e9 des donn\u00e9es<\/strong><\/h3>\n<p data-start=\"1573\" data-end=\"1721\">Nous mettons en place des mesures techniques et organisationnelles pour prot\u00e9ger vos donn\u00e9es contre tout acc\u00e8s non autoris\u00e9, perte ou divulgation.<\/p>\n<h3 data-start=\"1723\" data-end=\"1752\">5. <strong data-start=\"1730\" data-end=\"1750\">Cookies et suivi<\/strong><\/h3>\n<p data-start=\"1753\" data-end=\"1949\">Notre site utilise des cookies pour am\u00e9liorer votre exp\u00e9rience. Vous pouvez g\u00e9rer vos pr\u00e9f\u00e9rences via les param\u00e8tres de votre navigateur ou en configurant les cookies directement sur notre site.<\/p>\n<h3 data-start=\"1951\" data-end=\"1974\">6. <strong data-start=\"1958\" data-end=\"1972\">Vos droits<\/strong><\/h3>\n<p data-start=\"1975\" data-end=\"2063\">Conform\u00e9ment au RGPD, vous disposez des droits suivants sur vos donn\u00e9es personnelles :<\/p>\n<ul data-start=\"2064\" data-end=\"2177\">\n<li data-start=\"2064\" data-end=\"2090\">Acc\u00e8s et rectification<\/li>\n<li data-start=\"2091\" data-end=\"2120\">Opposition et suppression<\/li>\n<li data-start=\"2121\" data-end=\"2148\">Portabilit\u00e9 des donn\u00e9es<\/li>\n<li data-start=\"2149\" data-end=\"2177\">Limitation du traitement<\/li>\n<\/ul>\n<p data-start=\"2179\" data-end=\"2301\">Pour exercer ces droits ou toute question relative \u00e0 vos donn\u00e9es, vous pouvez nous contacter \u00e0 : <strong data-start=\"2276\" data-end=\"2298\">communication@association-projet.org<\/strong>.<\/p>\n<h3 data-start=\"2303\" data-end=\"2345\">7. <strong data-start=\"2310\" data-end=\"2343\">Modifications de la politique<\/strong><\/h3>\n<p data-start=\"2346\" data-end=\"2491\">Nous pouvons \u00eatre amen\u00e9s \u00e0 modifier cette politique de confidentialit\u00e9. Toute mise \u00e0 jour sera publi\u00e9e sur cette page avec la date de r\u00e9vision.<\/p>\n<p data-start=\"2493\" data-end=\"2571\">\ud83d\udce7 <strong data-start=\"2496\" data-end=\"2507\">Contact<\/strong> : Pour toute question, \u00e9crivez-nous \u00e0 <strong data-start=\"2276\" data-end=\"2298\">communication@association-projet.org<\/strong><\/p>\n<!-- \/wp:paragraph -->\t\t\t\t\t\t<\/div>\n\t\t\t\t<\/div>\n\t\t\t\t\t<\/div>\n\t\t\t\t<\/div>\n\t\t\t\t<\/div>\n\t\t","protected":false},"excerpt":{"rendered":"<p>Politique de Confidentialit\u00e9 Derni\u00e8re mise \u00e0 jour : [date] Le Lillu Festival attache une grande importance \u00e0 la protection de vos donn\u00e9es personnelles et s\u2019engage \u00e0 les traiter avec transparence et dans le respect de la r\u00e9glementation en vigueur, notamment le R\u00e8glement G\u00e9n\u00e9ral sur la Protection des Donn\u00e9es (RGPD). 1. Collecte des donn\u00e9es personnelles Nous [&hellip;]<\/p>\n","protected":false},"author":3,"featured_media":0,"parent":0,"menu_order":0,"comment_status":"closed","ping_status":"closed","template":"elementor_header_footer","meta":{"footnotes":""},"class_list":["post-3","page","type-page","status-publish","hentry"],"_links":{"self":[{"href":"https:\/\/lillufestival.org\/index.php\/wp-json\/wp\/v2\/pages\/3","targetHints":{"allow":["GET"]}}],"collection":[{"href":"https:\/\/lillufestival.org\/index.php\/wp-json\/wp\/v2\/pages"}],"about":[{"href":"https:\/\/lillufestival.org\/index.php\/wp-json\/wp\/v2\/types\/page"}],"author":[{"embeddable":true,"href":"https:\/\/lillufestival.org\/index.php\/wp-json\/wp\/v2\/users\/3"}],"replies":[{"embeddable":true,"href":"https:\/\/lillufestival.org\/index.php\/wp-json\/wp\/v2\/comments?post=3"}],"version-history":[{"count":4,"href":"https:\/\/lillufestival.org\/index.php\/wp-json\/wp\/v2\/pages\/3\/revisions"}],"predecessor-version":[{"id":1756,"href":"https:\/\/lillufestival.org\/index.php\/wp-json\/wp\/v2\/pages\/3\/revisions\/1756"}],"wp:attachment":[{"href":"https:\/\/lillufestival.org\/index.php\/wp-json\/wp\/v2\/media?parent=3"}],"curies":[{"name":"wp","href":"https:\/\/api.w.org\/{rel}","templated":true}]}}